{"id":3996,"date":"2020-06-25T15:07:36","date_gmt":"2020-06-25T13:07:36","guid":{"rendered":"https:\/\/www.scvmnordique.fr\/?page_id=3996"},"modified":"2020-06-25T15:57:25","modified_gmt":"2020-06-25T13:57:25","slug":"inscription-au-stage-de-reprise-ete-2020","status":"publish","type":"page","link":"https:\/\/www.scvmnordique.fr\/index.php\/inscription-au-stage-de-reprise-ete-2020\/","title":{"rendered":"Inscription au stage de reprise \u00e9t\u00e9 2020"},"content":{"rendered":"<p>Vous souhaitez inscrire votre enfant (section nordique) au stage de reprise.<\/p>\n<p>La validation de l&#8217;inscription n\u00e9cessite :<br \/>&#8211; de compl\u00e9ter le choix des activit\u00e9s <a href=\"https:\/\/docs.google.com\/spreadsheets\/d\/1XNTTKa3xj_sMN8BVC74JcgEB0uosAZKHkskblJvrwh8\/edit?usp=sharing\">ici<\/a><br \/>&#8211; l&#8217;envoi du formulaire ci-dessous<\/p>\n<p>Vous recevrez ensuite un email de confirmation de notre part (notre traditionnel ok en r\u00e9ponse mail).<\/p>\n<p>A tr\u00e8s bient\u00f4t<\/p>\n<p>Le comit\u00e9 d&#8217;organisation<\/p>\n\n","protected":false},"excerpt":{"rendered":"<p>Vous souhaitez inscrire votre enfant (section nordique) au stage de reprise. La validation de l&#8217;inscription n\u00e9cessite :&#8211; de compl\u00e9ter le choix des activit\u00e9s ici&#8211; l&#8217;envoi du formulaire ci-dessous Vous recevrez ensuite un email de confirmation de notre part (notre traditionnel ok en r\u00e9ponse mail). A tr\u00e8s bient\u00f4t Le comit\u00e9 d&#8217;organisation<\/p>\n","protected":false},"author":1,"featured_media":2533,"parent":0,"menu_order":0,"comment_status":"closed","ping_status":"closed","template":"","meta":[],"yoast_head":"<!-- This site is optimized with the Yoast SEO plugin v14.9 - https:\/\/yoast.com\/wordpress\/plugins\/seo\/ -->\n<title>Inscription au stage de reprise \u00e9t\u00e9 2020 - SCVM Section Nordique<\/title>\n<meta name=\"robots\" content=\"index, follow, max-snippet:-1, max-image-preview:large, max-video-preview:-1\" \/>\n<link rel=\"canonical\" href=\"https:\/\/www.scvmnordique.fr\/index.php\/inscription-au-stage-de-reprise-ete-2020\/\" \/>\n<meta property=\"og:locale\" content=\"fr_FR\" \/>\n<meta property=\"og:type\" content=\"article\" \/>\n<meta property=\"og:title\" content=\"Inscription au stage de reprise \u00e9t\u00e9 2020 - SCVM Section Nordique\" \/>\n<meta property=\"og:description\" content=\"Vous souhaitez inscrire votre enfant (section nordique) au stage de reprise. La validation de l&#8217;inscription n\u00e9cessite :&#8211; de compl\u00e9ter le choix des activit\u00e9s ici&#8211; l&#8217;envoi du formulaire ci-dessous Vous recevrez ensuite un email de confirmation de notre part (notre traditionnel ok en r\u00e9ponse mail). A tr\u00e8s bient\u00f4t Le comit\u00e9 d&#8217;organisation\" \/>\n<meta property=\"og:url\" content=\"https:\/\/www.scvmnordique.fr\/index.php\/inscription-au-stage-de-reprise-ete-2020\/\" \/>\n<meta property=\"og:site_name\" content=\"SCVM Section Nordique\" \/>\n<meta property=\"article:publisher\" content=\"https:\/\/www.facebook.com\/SCVM.fond\/\" \/>\n<meta property=\"article:modified_time\" content=\"2020-06-25T13:57:25+00:00\" \/>\n<meta property=\"og:image\" content=\"https:\/\/www.scvmnordique.fr\/wp-content\/uploads\/2019\/10\/IMG_5206-1024x768.jpg\" \/>\n\t<meta property=\"og:image:width\" content=\"1024\" \/>\n\t<meta property=\"og:image:height\" content=\"768\" \/>\n<meta name=\"twitter:card\" content=\"summary_large_image\" \/>\n<script type=\"application\/ld+json\" class=\"yoast-schema-graph\">{\"@context\":\"https:\/\/schema.org\",\"@graph\":[{\"@type\":\"Organization\",\"@id\":\"https:\/\/www.scvmnordique.fr\/#organization\",\"name\":\"SCVM Section Nordique\",\"url\":\"https:\/\/www.scvmnordique.fr\/\",\"sameAs\":[\"https:\/\/www.facebook.com\/SCVM.fond\/\",\"https:\/\/www.youtube.com\/channel\/UCZDQH0tnTiVwbK2rCtgo69A\"],\"logo\":{\"@type\":\"ImageObject\",\"@id\":\"https:\/\/www.scvmnordique.fr\/#logo\",\"inLanguage\":\"fr-FR\",\"url\":\"https:\/\/www.scvmnordique.fr\/wp-content\/uploads\/2018\/12\/cropped-cropped-logo-3-e1546674749122.png\",\"width\":73,\"height\":73,\"caption\":\"SCVM Section Nordique\"},\"image\":{\"@id\":\"https:\/\/www.scvmnordique.fr\/#logo\"}},{\"@type\":\"WebSite\",\"@id\":\"https:\/\/www.scvmnordique.fr\/#website\",\"url\":\"https:\/\/www.scvmnordique.fr\/\",\"name\":\"SCVM Section Nordique\",\"description\":\"Ski Club Val de Morteau Section Nordique\",\"publisher\":{\"@id\":\"https:\/\/www.scvmnordique.fr\/#organization\"},\"potentialAction\":[{\"@type\":\"SearchAction\",\"target\":\"https:\/\/www.scvmnordique.fr\/?s={search_term_string}\",\"query-input\":\"required name=search_term_string\"}],\"inLanguage\":\"fr-FR\"},{\"@type\":\"ImageObject\",\"@id\":\"https:\/\/www.scvmnordique.fr\/index.php\/inscription-au-stage-de-reprise-ete-2020\/#primaryimage\",\"inLanguage\":\"fr-FR\",\"url\":\"https:\/\/www.scvmnordique.fr\/wp-content\/uploads\/2019\/10\/IMG_5206.jpg\",\"width\":4032,\"height\":3024},{\"@type\":\"WebPage\",\"@id\":\"https:\/\/www.scvmnordique.fr\/index.php\/inscription-au-stage-de-reprise-ete-2020\/#webpage\",\"url\":\"https:\/\/www.scvmnordique.fr\/index.php\/inscription-au-stage-de-reprise-ete-2020\/\",\"name\":\"Inscription au stage de reprise \\u00e9t\\u00e9 2020 - SCVM Section Nordique\",\"isPartOf\":{\"@id\":\"https:\/\/www.scvmnordique.fr\/#website\"},\"primaryImageOfPage\":{\"@id\":\"https:\/\/www.scvmnordique.fr\/index.php\/inscription-au-stage-de-reprise-ete-2020\/#primaryimage\"},\"datePublished\":\"2020-06-25T13:07:36+00:00\",\"dateModified\":\"2020-06-25T13:57:25+00:00\",\"inLanguage\":\"fr-FR\",\"potentialAction\":[{\"@type\":\"ReadAction\",\"target\":[\"https:\/\/www.scvmnordique.fr\/index.php\/inscription-au-stage-de-reprise-ete-2020\/\"]}]}]}<\/script>\n<!-- \/ Yoast SEO plugin. -->","_links":{"self":[{"href":"https:\/\/www.scvmnordique.fr\/index.php\/wp-json\/wp\/v2\/pages\/3996"}],"collection":[{"href":"https:\/\/www.scvmnordique.fr\/index.php\/wp-json\/wp\/v2\/pages"}],"about":[{"href":"https:\/\/www.scvmnordique.fr\/index.php\/wp-json\/wp\/v2\/types\/page"}],"author":[{"embeddable":true,"href":"https:\/\/www.scvmnordique.fr\/index.php\/wp-json\/wp\/v2\/users\/1"}],"replies":[{"embeddable":true,"href":"https:\/\/www.scvmnordique.fr\/index.php\/wp-json\/wp\/v2\/comments?post=3996"}],"version-history":[{"count":7,"href":"https:\/\/www.scvmnordique.fr\/index.php\/wp-json\/wp\/v2\/pages\/3996\/revisions"}],"predecessor-version":[{"id":4005,"href":"https:\/\/www.scvmnordique.fr\/index.php\/wp-json\/wp\/v2\/pages\/3996\/revisions\/4005"}],"wp:featuredmedia":[{"embeddable":true,"href":"https:\/\/www.scvmnordique.fr\/index.php\/wp-json\/wp\/v2\/media\/2533"}],"wp:attachment":[{"href":"https:\/\/www.scvmnordique.fr\/index.php\/wp-json\/wp\/v2\/media?parent=3996"}],"curies":[{"name":"wp","href":"https:\/\/api.w.org\/{rel}","templated":true}]}}