{"id":40,"date":"2019-09-16T09:07:20","date_gmt":"2019-09-16T07:07:20","guid":{"rendered":"https:\/\/teamlievre.wordpress.com\/?page_id=40"},"modified":"2025-10-11T09:38:59","modified_gmt":"2025-10-11T07:38:59","slug":"entrainement","status":"publish","type":"page","link":"https:\/\/www.scvmnordique.fr\/index.php\/liste-annonces\/ajout-annonce\/entrainement\/","title":{"rendered":"Entrainement de l&#8217;\u00e9cole de ski"},"content":{"rendered":"<h1 style=\"text-align: center;\"><span style=\"color: #ff0000;\">REPRISE DE L&#8217;ENTRAINEMENT !!!<\/span><\/h1>\n<h1 style=\"text-align: center;\"><span style=\"color: #0000ff;\">Apr\u00e8s-midi d\u00e9couverte, s\u00e9ance ouverte \u00e0 tous!<\/span><\/h1>\n<p>Rendez-vous \u00e0 Gardot, <strong>mercredi 5 novembre de 14h \u00e0 16h (lieu et activit\u00e9 \u00e0 d\u00e9finir).<\/strong><\/p>\n<p>Programme \u00e0 venir!<\/p>\n<p>Mat\u00e9riel \u00e0 apporter:<\/p>\n<p>-baskets<\/p>\n<p>-b\u00e2tons<\/p>\n<p>-gourde transportable<\/p>\n<p>-tenue de sport adapt\u00e9e \u00e0 la m\u00e9t\u00e9o<\/p>\n<p>Pour les anciens licenci\u00e9s, vos licences 2025\/2026 doivent \u00eatre \u00e0 jour.<\/p>\n<p>Pour les enfants, n\u00e9s en 2017 et avant, qui souhaitent d\u00e9couvrir le club et l&#8217;activit\u00e9, vous \u00eates les bienvenus. Merci de vous annoncer d\u00e8s votre arriv\u00e9e vers les encadrants.<\/p>\n<p>Au plaisir de vous retrouver.<\/p>\n<p>Renseignements au 06 81 36 69 07<\/p>\n<p>Taille des b\u00e2tons adapt\u00e9e =&gt; <a href=\"https:\/\/www.scvmnordique.fr\/wp-content\/uploads\/2021\/11\/reg_batons.pdf\">Guide pour la taille des b\u00e2tons<\/a><\/p>\n<p><strong>TABLEAU DES CATEGORIES Fond SAISON 2025-2026<\/strong><br \/>\nU18: 2008-2009<\/p>\n<p>U16: 2010<\/p>\n<p>U15: 2011-2012<\/p>\n<p>U13: 2013-2014<\/p>\n<p>U11: 2015-2016<\/p>\n<p>U9: 2017<\/p>\n<p>(*) \u26a0\ufe0fski d\u00e9fart\u00e9s =&gt; <a href=\"https:\/\/www.scvmnordique.fr\/wp-content\/uploads\/2019\/02\/guide_pret_materiel.pdf\" style=\"color: #ff0000;\">Guide du pr\u00eat de<\/a><a href=\"https:\/\/www.scvmnordique.fr\/wp-content\/uploads\/2019\/02\/guide_pret_materiel.pdf\" style=\"color: #ff0000;\"> mat\u00e9riel<\/a><\/p>\n<h3><\/h3>\n<h3><strong>Informations :<br \/>\nVotre enfant doit \u00eatre pr\u00e9sent avec le mat\u00e9riel requis et en \u00e9tat de fonctionnement (skis\u00a0d\u00e9fart\u00e9s et gratt\u00e9s, <a href=\"https:\/\/www.scvmnordique.fr\/wp-content\/uploads\/2021\/11\/reg_batons.pdf\" style=\"color: #ff0000;\">b\u00e2tons adapt\u00e9s \u00e0 la taille du skieur (<\/a><\/strong><strong>\u00a0voir le <a href=\"https:\/\/www.scvmnordique.fr\/wp-content\/uploads\/2019\/02\/guide_pret_materiel.pdf\" style=\"color: #3366ff;\">Guide de Pr\u00eat de Mat\u00e9riel<\/a>). A d\u00e9faut, l&#8217;\u00e9quipe ne pourra pas le prendre en charge.<\/strong><strong><\/strong><br \/>\n<strong>Pensez \u00e0 revenir sur cette page avant l&#8217;entrainement pour d&#8217;\u00e9ventuelles modifications (selon m\u00e9t\u00e9o, encadrement, impr\u00e9vus&#8230;).<\/strong><strong><\/strong><br \/>\n<strong><\/strong><\/h3>\n<h3><a href=\"https:\/\/docs.google.com\/spreadsheets\/d\/1lFXz6Iud1v5ffFTXJX-d7OwStp9FWseILlTY1zJ_sR8\/edit#gid=883776096\"><\/a><\/h3>\n<p>&nbsp;<\/p>\n","protected":false},"excerpt":{"rendered":"<p>REPRISE DE L&#8217;ENTRAINEMENT !!! Apr\u00e8s-midi d\u00e9couverte, s\u00e9ance ouverte \u00e0 tous! Rendez-vous \u00e0 Gardot, mercredi 5 novembre de 14h \u00e0 16h (lieu et activit\u00e9 \u00e0 d\u00e9finir). Programme \u00e0 venir! Mat\u00e9riel \u00e0 apporter: -baskets -b\u00e2tons -gourde transportable -tenue de sport adapt\u00e9e \u00e0 la m\u00e9t\u00e9o Pour les anciens licenci\u00e9s, vos licences 2025\/2026 doivent [&hellip;]<\/p>\n","protected":false},"author":3,"featured_media":0,"parent":2083,"menu_order":1,"comment_status":"open","ping_status":"closed","template":"","meta":[],"yoast_head":"<!-- This site is optimized with the Yoast SEO plugin v14.9 - https:\/\/yoast.com\/wordpress\/plugins\/seo\/ -->\n<title>Entrainement de l&#039;\u00e9cole de ski - SCVM Section Nordique<\/title>\n<meta name=\"robots\" content=\"index, follow, max-snippet:-1, max-image-preview:large, max-video-preview:-1\" \/>\n<link rel=\"canonical\" href=\"https:\/\/www.scvmnordique.fr\/index.php\/liste-annonces\/ajout-annonce\/entrainement\/\" \/>\n<meta property=\"og:locale\" content=\"fr_FR\" \/>\n<meta property=\"og:type\" content=\"article\" \/>\n<meta property=\"og:title\" content=\"Entrainement de l&#039;\u00e9cole de ski - SCVM Section Nordique\" \/>\n<meta property=\"og:description\" content=\"REPRISE DE L&#8217;ENTRAINEMENT !!! Apr\u00e8s-midi d\u00e9couverte, s\u00e9ance ouverte \u00e0 tous! Rendez-vous \u00e0 Gardot, mercredi 5 novembre de 14h \u00e0 16h (lieu et activit\u00e9 \u00e0 d\u00e9finir). Programme \u00e0 venir! Mat\u00e9riel \u00e0 apporter: -baskets -b\u00e2tons -gourde transportable -tenue de sport adapt\u00e9e \u00e0 la m\u00e9t\u00e9o Pour les anciens licenci\u00e9s, vos licences 2025\/2026 doivent [&hellip;]\" \/>\n<meta property=\"og:url\" content=\"https:\/\/www.scvmnordique.fr\/index.php\/liste-annonces\/ajout-annonce\/entrainement\/\" \/>\n<meta property=\"og:site_name\" content=\"SCVM Section Nordique\" \/>\n<meta property=\"article:publisher\" content=\"https:\/\/www.facebook.com\/SCVM.fond\/\" \/>\n<meta property=\"article:modified_time\" content=\"2025-10-11T07:38:59+00:00\" \/>\n<meta property=\"og:image\" content=\"https:\/\/www.scvmnordique.fr\/wp-content\/uploads\/2018\/12\/cropped-cropped-logo-3-e1546674749122.png\" \/>\n\t<meta property=\"og:image:width\" content=\"73\" \/>\n\t<meta property=\"og:image:height\" content=\"73\" \/>\n<meta name=\"twitter:card\" content=\"summary_large_image\" \/>\n<script type=\"application\/ld+json\" class=\"yoast-schema-graph\">{\"@context\":\"https:\/\/schema.org\",\"@graph\":[{\"@type\":\"Organization\",\"@id\":\"https:\/\/www.scvmnordique.fr\/#organization\",\"name\":\"SCVM Section Nordique\",\"url\":\"https:\/\/www.scvmnordique.fr\/\",\"sameAs\":[\"https:\/\/www.facebook.com\/SCVM.fond\/\",\"https:\/\/www.youtube.com\/channel\/UCZDQH0tnTiVwbK2rCtgo69A\"],\"logo\":{\"@type\":\"ImageObject\",\"@id\":\"https:\/\/www.scvmnordique.fr\/#logo\",\"inLanguage\":\"fr-FR\",\"url\":\"https:\/\/www.scvmnordique.fr\/wp-content\/uploads\/2018\/12\/cropped-cropped-logo-3-e1546674749122.png\",\"width\":73,\"height\":73,\"caption\":\"SCVM Section Nordique\"},\"image\":{\"@id\":\"https:\/\/www.scvmnordique.fr\/#logo\"}},{\"@type\":\"WebSite\",\"@id\":\"https:\/\/www.scvmnordique.fr\/#website\",\"url\":\"https:\/\/www.scvmnordique.fr\/\",\"name\":\"SCVM Section Nordique\",\"description\":\"Ski Club Val de Morteau Section Nordique\",\"publisher\":{\"@id\":\"https:\/\/www.scvmnordique.fr\/#organization\"},\"potentialAction\":[{\"@type\":\"SearchAction\",\"target\":\"https:\/\/www.scvmnordique.fr\/?s={search_term_string}\",\"query-input\":\"required name=search_term_string\"}],\"inLanguage\":\"fr-FR\"},{\"@type\":\"WebPage\",\"@id\":\"https:\/\/www.scvmnordique.fr\/index.php\/liste-annonces\/ajout-annonce\/entrainement\/#webpage\",\"url\":\"https:\/\/www.scvmnordique.fr\/index.php\/liste-annonces\/ajout-annonce\/entrainement\/\",\"name\":\"Entrainement de l'\\u00e9cole de ski - SCVM Section Nordique\",\"isPartOf\":{\"@id\":\"https:\/\/www.scvmnordique.fr\/#website\"},\"datePublished\":\"2019-09-16T07:07:20+00:00\",\"dateModified\":\"2025-10-11T07:38:59+00:00\",\"inLanguage\":\"fr-FR\",\"potentialAction\":[{\"@type\":\"ReadAction\",\"target\":[\"https:\/\/www.scvmnordique.fr\/index.php\/liste-annonces\/ajout-annonce\/entrainement\/\"]}]}]}<\/script>\n<!-- \/ Yoast SEO plugin. -->","_links":{"self":[{"href":"https:\/\/www.scvmnordique.fr\/index.php\/wp-json\/wp\/v2\/pages\/40"}],"collection":[{"href":"https:\/\/www.scvmnordique.fr\/index.php\/wp-json\/wp\/v2\/pages"}],"about":[{"href":"https:\/\/www.scvmnordique.fr\/index.php\/wp-json\/wp\/v2\/types\/page"}],"author":[{"embeddable":true,"href":"https:\/\/www.scvmnordique.fr\/index.php\/wp-json\/wp\/v2\/users\/3"}],"replies":[{"embeddable":true,"href":"https:\/\/www.scvmnordique.fr\/index.php\/wp-json\/wp\/v2\/comments?post=40"}],"version-history":[{"count":907,"href":"https:\/\/www.scvmnordique.fr\/index.php\/wp-json\/wp\/v2\/pages\/40\/revisions"}],"predecessor-version":[{"id":7644,"href":"https:\/\/www.scvmnordique.fr\/index.php\/wp-json\/wp\/v2\/pages\/40\/revisions\/7644"}],"up":[{"embeddable":true,"href":"https:\/\/www.scvmnordique.fr\/index.php\/wp-json\/wp\/v2\/pages\/2083"}],"wp:attachment":[{"href":"https:\/\/www.scvmnordique.fr\/index.php\/wp-json\/wp\/v2\/media?parent=40"}],"curies":[{"name":"wp","href":"https:\/\/api.w.org\/{rel}","templated":true}]}}