{"id":425,"date":"2018-12-16T09:57:43","date_gmt":"2018-12-16T09:57:43","guid":{"rendered":"https:\/\/scvmfond.wordpress.com\/?page_id=425"},"modified":"2025-09-18T18:25:30","modified_gmt":"2025-09-18T16:25:30","slug":"inscriptions-courses-fond-ffs","status":"publish","type":"page","link":"https:\/\/www.scvmnordique.fr\/index.php\/inscriptions-courses-fond-ffs\/","title":{"rendered":"Inscriptions Courses Fond FFS"},"content":{"rendered":"\r\n<p><strong><span style=\"color: #ff0000;\">ATTENTION<\/span> de bien indiquer, <span style=\"color: #ff0000;\">le nom<\/span>, le <span style=\"color: #ff0000;\">pr\u00e9nom<\/span>, <span style=\"color: #ff0000;\">l&#8217;ann\u00e9e<\/span> de naissance du skieur et la <span style=\"color: #ff0000;\">course<\/span> (Il y a plusieurs courses qui se suivent !)<\/strong><\/p>\r\n<p>Les inscriptions sont \u00e0 nous transmettre en fonction des informations donn\u00e9es sur le groupe whatsapp &#8220;Comp\u00e9tition&#8221;.\u00a0<\/p>\r\n\r\n\r\n\r\n\r\n\r\n<p>Si vous n\u2019avez pas re\u00e7u de \u00ab pouce \u00bb le soir de la date limite des inscriptions, vous pouvez renvoyer un message.<\/p>\r\n\r\n\r\n\r\n<p>PS : Les inscriptions sont g\u00e9r\u00e9es, en g\u00e9n\u00e9ral, globalement une fois tous les messages re\u00e7us.<\/p>\r\n\r\n\r\n\r\n\r\n\r\n<p>&nbsp;<\/p>\r\n","protected":false},"excerpt":{"rendered":"<p>ATTENTION de bien indiquer, le nom, le pr\u00e9nom, l&#8217;ann\u00e9e de naissance du skieur et la course (Il y a plusieurs courses qui se suivent !) Les inscriptions sont \u00e0 nous transmettre en fonction des informations donn\u00e9es sur le groupe whatsapp &#8220;Comp\u00e9tition&#8221;.\u00a0 Si vous n\u2019avez pas re\u00e7u de \u00ab pouce \u00bb [&hellip;]<\/p>\n","protected":false},"author":2,"featured_media":0,"parent":0,"menu_order":0,"comment_status":"closed","ping_status":"closed","template":"","meta":[],"yoast_head":"<!-- This site is optimized with the Yoast SEO plugin v14.9 - https:\/\/yoast.com\/wordpress\/plugins\/seo\/ -->\n<title>Inscriptions Courses Fond FFS - SCVM Section Nordique<\/title>\n<meta name=\"robots\" content=\"index, follow, max-snippet:-1, max-image-preview:large, max-video-preview:-1\" \/>\n<link rel=\"canonical\" href=\"https:\/\/www.scvmnordique.fr\/index.php\/inscriptions-courses-fond-ffs\/\" \/>\n<meta property=\"og:locale\" content=\"fr_FR\" \/>\n<meta property=\"og:type\" content=\"article\" \/>\n<meta property=\"og:title\" content=\"Inscriptions Courses Fond FFS - SCVM Section Nordique\" \/>\n<meta property=\"og:description\" content=\"ATTENTION de bien indiquer, le nom, le pr\u00e9nom, l&#8217;ann\u00e9e de naissance du skieur et la course (Il y a plusieurs courses qui se suivent !) Les inscriptions sont \u00e0 nous transmettre en fonction des informations donn\u00e9es sur le groupe whatsapp &#8220;Comp\u00e9tition&#8221;.\u00a0 Si vous n\u2019avez pas re\u00e7u de \u00ab pouce \u00bb [&hellip;]\" \/>\n<meta property=\"og:url\" content=\"https:\/\/www.scvmnordique.fr\/index.php\/inscriptions-courses-fond-ffs\/\" \/>\n<meta property=\"og:site_name\" content=\"SCVM Section Nordique\" \/>\n<meta property=\"article:publisher\" content=\"https:\/\/www.facebook.com\/SCVM.fond\/\" \/>\n<meta property=\"article:modified_time\" content=\"2025-09-18T16:25:30+00:00\" \/>\n<meta property=\"og:image\" content=\"https:\/\/www.scvmnordique.fr\/wp-content\/uploads\/2018\/12\/cropped-cropped-logo-3-e1546674749122.png\" \/>\n\t<meta property=\"og:image:width\" content=\"73\" \/>\n\t<meta property=\"og:image:height\" content=\"73\" \/>\n<meta name=\"twitter:card\" content=\"summary_large_image\" \/>\n<script type=\"application\/ld+json\" class=\"yoast-schema-graph\">{\"@context\":\"https:\/\/schema.org\",\"@graph\":[{\"@type\":\"Organization\",\"@id\":\"https:\/\/www.scvmnordique.fr\/#organization\",\"name\":\"SCVM Section Nordique\",\"url\":\"https:\/\/www.scvmnordique.fr\/\",\"sameAs\":[\"https:\/\/www.facebook.com\/SCVM.fond\/\",\"https:\/\/www.youtube.com\/channel\/UCZDQH0tnTiVwbK2rCtgo69A\"],\"logo\":{\"@type\":\"ImageObject\",\"@id\":\"https:\/\/www.scvmnordique.fr\/#logo\",\"inLanguage\":\"fr-FR\",\"url\":\"https:\/\/www.scvmnordique.fr\/wp-content\/uploads\/2018\/12\/cropped-cropped-logo-3-e1546674749122.png\",\"width\":73,\"height\":73,\"caption\":\"SCVM Section Nordique\"},\"image\":{\"@id\":\"https:\/\/www.scvmnordique.fr\/#logo\"}},{\"@type\":\"WebSite\",\"@id\":\"https:\/\/www.scvmnordique.fr\/#website\",\"url\":\"https:\/\/www.scvmnordique.fr\/\",\"name\":\"SCVM Section Nordique\",\"description\":\"Ski Club Val de Morteau Section Nordique\",\"publisher\":{\"@id\":\"https:\/\/www.scvmnordique.fr\/#organization\"},\"potentialAction\":[{\"@type\":\"SearchAction\",\"target\":\"https:\/\/www.scvmnordique.fr\/?s={search_term_string}\",\"query-input\":\"required name=search_term_string\"}],\"inLanguage\":\"fr-FR\"},{\"@type\":\"WebPage\",\"@id\":\"https:\/\/www.scvmnordique.fr\/index.php\/inscriptions-courses-fond-ffs\/#webpage\",\"url\":\"https:\/\/www.scvmnordique.fr\/index.php\/inscriptions-courses-fond-ffs\/\",\"name\":\"Inscriptions Courses Fond FFS - SCVM Section Nordique\",\"isPartOf\":{\"@id\":\"https:\/\/www.scvmnordique.fr\/#website\"},\"datePublished\":\"2018-12-16T09:57:43+00:00\",\"dateModified\":\"2025-09-18T16:25:30+00:00\",\"inLanguage\":\"fr-FR\",\"potentialAction\":[{\"@type\":\"ReadAction\",\"target\":[\"https:\/\/www.scvmnordique.fr\/index.php\/inscriptions-courses-fond-ffs\/\"]}]}]}<\/script>\n<!-- \/ Yoast SEO plugin. -->","_links":{"self":[{"href":"https:\/\/www.scvmnordique.fr\/index.php\/wp-json\/wp\/v2\/pages\/425"}],"collection":[{"href":"https:\/\/www.scvmnordique.fr\/index.php\/wp-json\/wp\/v2\/pages"}],"about":[{"href":"https:\/\/www.scvmnordique.fr\/index.php\/wp-json\/wp\/v2\/types\/page"}],"author":[{"embeddable":true,"href":"https:\/\/www.scvmnordique.fr\/index.php\/wp-json\/wp\/v2\/users\/2"}],"replies":[{"embeddable":true,"href":"https:\/\/www.scvmnordique.fr\/index.php\/wp-json\/wp\/v2\/comments?post=425"}],"version-history":[{"count":11,"href":"https:\/\/www.scvmnordique.fr\/index.php\/wp-json\/wp\/v2\/pages\/425\/revisions"}],"predecessor-version":[{"id":7633,"href":"https:\/\/www.scvmnordique.fr\/index.php\/wp-json\/wp\/v2\/pages\/425\/revisions\/7633"}],"wp:attachment":[{"href":"https:\/\/www.scvmnordique.fr\/index.php\/wp-json\/wp\/v2\/media?parent=425"}],"curies":[{"name":"wp","href":"https:\/\/api.w.org\/{rel}","templated":true}]}}