{"id":4300,"date":"2020-09-22T08:15:06","date_gmt":"2020-09-22T06:15:06","guid":{"rendered":"https:\/\/www.scvmnordique.fr\/?page_id=4300"},"modified":"2022-09-04T10:23:31","modified_gmt":"2022-09-04T08:23:31","slug":"formulairemmtda","status":"publish","type":"page","link":"https:\/\/www.scvmnordique.fr\/index.php\/formulairemmtda\/","title":{"rendered":"Formulaire MMTDA 2022"},"content":{"rendered":"<h2 style=\"text-align: center;\"><a href=\"https:\/\/www.scvmnordique.fr\/wp-content\/uploads\/2020\/10\/WhatsApp-Image-2020-10-03-at-18.43.26-1.jpeg\"><\/a><strong>Formulaire d&#8217;inscription \u00e0 la Meix Musy Tout Droit Autrement 2022<\/strong><\/h2>\n<h5 style=\"text-align: center;\">Course adultes (n\u00e9s en 2004 et avant)<br \/>\nCourse jeunes (n\u00e9s en 2005, 2006, 2007)<br \/>\nCourses enfants (n\u00e9s en 2008 et apr\u00e8s)<\/h5>\n<p><span style=\"font-size: 18px;\"><div role=\"form\" class=\"wpcf7\" id=\"wpcf7-f5096-o1\" lang=\"fr-FR\" dir=\"ltr\">\n<div class=\"screen-reader-response\" role=\"alert\" aria-live=\"polite\"><\/div>\n<form action=\"\/index.php\/wp-json\/wp\/v2\/pages\/4300#wpcf7-f5096-o1\" method=\"post\" class=\"wpcf7-form init\" novalidate=\"novalidate\">\n<div style=\"display: none;\">\n<input type=\"hidden\" name=\"_wpcf7\" value=\"5096\" \/>\n<input type=\"hidden\" name=\"_wpcf7_version\" value=\"5.2.2\" \/>\n<input type=\"hidden\" name=\"_wpcf7_locale\" value=\"fr_FR\" \/>\n<input type=\"hidden\" name=\"_wpcf7_unit_tag\" value=\"wpcf7-f5096-o1\" \/>\n<input type=\"hidden\" name=\"_wpcf7_container_post\" value=\"0\" \/>\n<input type=\"hidden\" name=\"_wpcf7_posted_data_hash\" value=\"\" \/>\n<\/div>\n<p><label> Votre nom<br \/>\n    <span class=\"wpcf7-form-control-wrap nomparticipant\"><input type=\"text\" name=\"nomparticipant\" value=\"\" size=\"40\" class=\"wpcf7-form-control wpcf7-text wpcf7-validates-as-required\" aria-required=\"true\" aria-invalid=\"false\" \/><\/span> <\/label><br \/>\n<label> Votre pr\u00e9nom<br \/>\n<span class=\"wpcf7-form-control-wrap prenomparticipant\"><input type=\"text\" name=\"prenomparticipant\" value=\"\" size=\"40\" class=\"wpcf7-form-control wpcf7-text wpcf7-validates-as-required\" aria-required=\"true\" aria-invalid=\"false\" \/><\/span><\/label><br \/>\n<label> Votre adresse de messagerie<br \/>\n    <span class=\"wpcf7-form-control-wrap emailparticipant\"><input type=\"email\" name=\"emailparticipant\" value=\"\" size=\"40\" class=\"wpcf7-form-control wpcf7-text wpcf7-email wpcf7-validates-as-required wpcf7-validates-as-email\" aria-required=\"true\" aria-invalid=\"false\" \/><\/span> <\/label><br \/>\n<label> Votre num\u00e9ro de t\u00e9l\u00e9phone<br \/>\n<span class=\"wpcf7-form-control-wrap telparticipant\"><input type=\"tel\" name=\"telparticipant\" value=\"\" size=\"40\" class=\"wpcf7-form-control wpcf7-text wpcf7-tel wpcf7-validates-as-required wpcf7-validates-as-tel\" aria-required=\"true\" aria-invalid=\"false\" \/><\/span><\/label><br \/>\n<br><b>Votre sexe <\/b><br \/>\n<span class=\"wpcf7-form-control-wrap sexe\"><span class=\"wpcf7-form-control wpcf7-radio\"><span class=\"wpcf7-list-item first\"><label><span class=\"wpcf7-list-item-label\">Homme<\/span><input type=\"radio\" name=\"sexe\" value=\"Homme\" checked=\"checked\" \/><\/label><\/span><span class=\"wpcf7-list-item last\"><label><span class=\"wpcf7-list-item-label\">Femme<\/span><input type=\"radio\" name=\"sexe\" value=\"Femme\" \/><\/label><\/span><\/span><\/span><br><br \/>\n<b> Votre ann\u00e9e de naissance <\/b><br \/>\n<span class=\"wpcf7-form-control-wrap number-year\"><input type=\"number\" name=\"number-year\" value=\"\" class=\"wpcf7-form-control wpcf7-number wpcf7-validates-as-number\" min=\"1940\" max=\"2020\" aria-invalid=\"false\" placeholder=\"0000\" \/><\/span><br \/>\n<br><br \/>\n<label> Votre club (ou non licenci\u00e9(e))<br \/>\n<span class=\"wpcf7-form-control-wrap Club\"><input type=\"text\" name=\"Club\" value=\"\" size=\"40\" class=\"wpcf7-form-control wpcf7-text\" aria-invalid=\"false\" \/><\/span><\/label><br \/>\n<br><br \/>\n<label> Remarque<br \/>\n<span class=\"wpcf7-form-control-wrap Remarque\"><input type=\"text\" name=\"Remarque\" value=\"\" size=\"40\" class=\"wpcf7-form-control wpcf7-text\" aria-invalid=\"false\" \/><\/span><\/label><br \/>\n<input type=\"submit\" value=\"Envoyer\" class=\"wpcf7-form-control wpcf7-submit\" \/><\/p>\n<div class=\"wpcf7-response-output\" role=\"alert\" aria-hidden=\"true\"><\/div><\/form><\/div><\/span><\/p>\n","protected":false},"excerpt":{"rendered":"<p>Formulaire d&#8217;inscription \u00e0 la Meix Musy Tout Droit Autrement 2022 Course adultes (n\u00e9s en 2004 et avant) Course jeunes (n\u00e9s en 2005, 2006, 2007) Courses enfants (n\u00e9s en 2008 et apr\u00e8s)<\/p>\n","protected":false},"author":1,"featured_media":0,"parent":0,"menu_order":0,"comment_status":"closed","ping_status":"closed","template":"","meta":[],"yoast_head":"<!-- This site is optimized with the Yoast SEO plugin v14.9 - https:\/\/yoast.com\/wordpress\/plugins\/seo\/ -->\n<title>Formulaire MMTDA 2022 - SCVM Section Nordique<\/title>\n<meta name=\"robots\" content=\"index, follow, max-snippet:-1, max-image-preview:large, max-video-preview:-1\" \/>\n<link rel=\"canonical\" href=\"https:\/\/www.scvmnordique.fr\/index.php\/formulairemmtda\/\" \/>\n<meta property=\"og:locale\" content=\"fr_FR\" \/>\n<meta property=\"og:type\" content=\"article\" \/>\n<meta property=\"og:title\" content=\"Formulaire MMTDA 2022 - SCVM Section Nordique\" \/>\n<meta property=\"og:description\" content=\"Formulaire d&#8217;inscription \u00e0 la Meix Musy Tout Droit Autrement 2022 Course adultes (n\u00e9s en 2004 et avant) Course jeunes (n\u00e9s en 2005, 2006, 2007) Courses enfants (n\u00e9s en 2008 et apr\u00e8s)\" \/>\n<meta property=\"og:url\" content=\"https:\/\/www.scvmnordique.fr\/index.php\/formulairemmtda\/\" \/>\n<meta property=\"og:site_name\" content=\"SCVM Section Nordique\" \/>\n<meta property=\"article:publisher\" content=\"https:\/\/www.facebook.com\/SCVM.fond\/\" \/>\n<meta property=\"article:modified_time\" content=\"2022-09-04T08:23:31+00:00\" \/>\n<meta property=\"og:image\" content=\"https:\/\/www.scvmnordique.fr\/wp-content\/uploads\/2018\/12\/cropped-cropped-logo-3-e1546674749122.png\" \/>\n\t<meta property=\"og:image:width\" content=\"73\" \/>\n\t<meta property=\"og:image:height\" content=\"73\" \/>\n<meta name=\"twitter:card\" content=\"summary_large_image\" \/>\n<script type=\"application\/ld+json\" class=\"yoast-schema-graph\">{\"@context\":\"https:\/\/schema.org\",\"@graph\":[{\"@type\":\"Organization\",\"@id\":\"https:\/\/www.scvmnordique.fr\/#organization\",\"name\":\"SCVM Section Nordique\",\"url\":\"https:\/\/www.scvmnordique.fr\/\",\"sameAs\":[\"https:\/\/www.facebook.com\/SCVM.fond\/\",\"https:\/\/www.youtube.com\/channel\/UCZDQH0tnTiVwbK2rCtgo69A\"],\"logo\":{\"@type\":\"ImageObject\",\"@id\":\"https:\/\/www.scvmnordique.fr\/#logo\",\"inLanguage\":\"fr-FR\",\"url\":\"https:\/\/www.scvmnordique.fr\/wp-content\/uploads\/2018\/12\/cropped-cropped-logo-3-e1546674749122.png\",\"width\":73,\"height\":73,\"caption\":\"SCVM Section Nordique\"},\"image\":{\"@id\":\"https:\/\/www.scvmnordique.fr\/#logo\"}},{\"@type\":\"WebSite\",\"@id\":\"https:\/\/www.scvmnordique.fr\/#website\",\"url\":\"https:\/\/www.scvmnordique.fr\/\",\"name\":\"SCVM Section Nordique\",\"description\":\"Ski Club Val de Morteau Section Nordique\",\"publisher\":{\"@id\":\"https:\/\/www.scvmnordique.fr\/#organization\"},\"potentialAction\":[{\"@type\":\"SearchAction\",\"target\":\"https:\/\/www.scvmnordique.fr\/?s={search_term_string}\",\"query-input\":\"required name=search_term_string\"}],\"inLanguage\":\"fr-FR\"},{\"@type\":\"WebPage\",\"@id\":\"https:\/\/www.scvmnordique.fr\/index.php\/formulairemmtda\/#webpage\",\"url\":\"https:\/\/www.scvmnordique.fr\/index.php\/formulairemmtda\/\",\"name\":\"Formulaire MMTDA 2022 - SCVM Section Nordique\",\"isPartOf\":{\"@id\":\"https:\/\/www.scvmnordique.fr\/#website\"},\"datePublished\":\"2020-09-22T06:15:06+00:00\",\"dateModified\":\"2022-09-04T08:23:31+00:00\",\"inLanguage\":\"fr-FR\",\"potentialAction\":[{\"@type\":\"ReadAction\",\"target\":[\"https:\/\/www.scvmnordique.fr\/index.php\/formulairemmtda\/\"]}]}]}<\/script>\n<!-- \/ Yoast SEO plugin. -->","_links":{"self":[{"href":"https:\/\/www.scvmnordique.fr\/index.php\/wp-json\/wp\/v2\/pages\/4300"}],"collection":[{"href":"https:\/\/www.scvmnordique.fr\/index.php\/wp-json\/wp\/v2\/pages"}],"about":[{"href":"https:\/\/www.scvmnordique.fr\/index.php\/wp-json\/wp\/v2\/types\/page"}],"author":[{"embeddable":true,"href":"https:\/\/www.scvmnordique.fr\/index.php\/wp-json\/wp\/v2\/users\/1"}],"replies":[{"embeddable":true,"href":"https:\/\/www.scvmnordique.fr\/index.php\/wp-json\/wp\/v2\/comments?post=4300"}],"version-history":[{"count":18,"href":"https:\/\/www.scvmnordique.fr\/index.php\/wp-json\/wp\/v2\/pages\/4300\/revisions"}],"predecessor-version":[{"id":6396,"href":"https:\/\/www.scvmnordique.fr\/index.php\/wp-json\/wp\/v2\/pages\/4300\/revisions\/6396"}],"wp:attachment":[{"href":"https:\/\/www.scvmnordique.fr\/index.php\/wp-json\/wp\/v2\/media?parent=4300"}],"curies":[{"name":"wp","href":"https:\/\/api.w.org\/{rel}","templated":true}]}}