{"id":5047,"date":"2021-08-13T12:18:52","date_gmt":"2021-08-13T10:18:52","guid":{"rendered":"https:\/\/www.scvmnordique.fr\/?page_id=5047"},"modified":"2025-10-11T09:54:50","modified_gmt":"2025-10-11T07:54:50","slug":"ecole-de-ski-fonctionnement","status":"publish","type":"page","link":"https:\/\/www.scvmnordique.fr\/index.php\/ecole-de-ski-fonctionnement\/","title":{"rendered":"ECOLE DE SKI : FONCTIONNEMENT"},"content":{"rendered":"<p><span style=\"font-size: large;\"><u><b>FONCTIONNEMENT DE L\u2019ECOLE DE SKI<\/b><\/u><\/span><\/p>\n<p style=\"text-align: center;\"><strong><span style=\"color: #ff00ff;\">SAISON 2025\/2026<\/span><\/strong><\/p>\n<p>Nous accueillons les enfants au club \u00e0 partir de 8 ans (2017 pour cette ann\u00e9e).<\/p>\n<p><span style=\"font-size: large;\"><u><b>Entrainements <\/b><\/u>\u00a0\u00a0<\/span><\/p>\n<p><span style=\"font-size: large;\">&#8211; Tous les mercredis et samedis<\/span><span style=\"font-size: large;\"> de 14h \u00e0 16h \u00e0 partir de la cat\u00e9gorie U9 2\u00e8me ann\u00e9e (2017) <em><strong><span style=\"color: #ff00ff;\">(1\u00e8re s\u00e9ance: le mercredi 5 novembre, lieu \u00e0 d\u00e9finir)<\/span><\/strong><\/em><\/span><\/p>\n<p><span style=\"font-size: large;\">Les informations concernant les entrainements sont publi\u00e9es la veille sur le groupe whatsapp d\u00e9di\u00e9 \u00e0 cet effet. En effet, les lieux d&#8217;entrainement ne sont pas toujours les m\u00eames (Les Combes, Les Fins, le Gardot, Ar\u00e7on&#8230;) Un petit bus peut permettre de d\u00e9placer quelques jeunes sur les diff\u00e9rents sites. Le mat\u00e9riel \u00e0 apporter n&#8217;est pas toujours le m\u00eame non plus en fonction de la s\u00e9ance pr\u00e9vue.<\/span><\/p>\n<p>En automne, les entra\u00eenements ont lieu en course \u00e0 pied, ski-roues ou rollers. D\u00e8s que la neige arrive, tout le monde sur les skis!<\/p>\n<p><strong>Cat\u00e9gories saison 2025\/2026:<\/strong><\/p>\n<p><em>U9 2\u00e8me ann\u00e9e:<\/em> 2017<\/p>\n<p><em>U11:<\/em> 2016-2015<\/p>\n<p><em>U13:<\/em> 2014\/2013<\/p>\n<p><em>U15:<\/em> 2012\/2011<\/p>\n<p><em>U16:<\/em> 2010<\/p>\n<p><em>U18:<\/em> 2009\/2008<\/p>\n<p>&nbsp;<\/p>\n<p><strong>Stage :\u00a0<\/strong><\/p>\n<ul>\n<li>Une ou deux journ\u00e9es seront propos\u00e9es lors des vacances d&#8217;automne mais seuleument ouvert aux jeunes ayant d\u00e9j\u00e0 pratiqu\u00e9 le ski-roue.<\/li>\n<li>Aux vacances de f\u00e9vrier, nous organisons un stage avec h\u00e9bergement aux Cluds en Suisse.<\/li>\n<\/ul>\n<p>&nbsp;<\/p>\n<p><span style=\"font-size: large;\"><u><b>Mat\u00e9riel \u00e0 se procurer pour les entrainements :<\/b><\/u>\u00a0<\/span><\/p>\n<p><span style=\"font-size: large;\">&#8211; baskets<\/span><\/p>\n<p><span style=\"font-size: large;\">&#8211; gourde et porte-gourde<\/span><\/p>\n<p><span style=\"font-size: large;\">&#8211; b\u00e2tons adapt\u00e9s \u00e0 la taille du skieur et \u00e0 la technique (<a href=\"https:\/\/www.scvmnordique.fr\/wp-content\/uploads\/2021\/11\/reg_batons.pdf\">explications<\/a>)<\/span><\/p>\n<p><span style=\"font-size: large;\">&#8211; chaussures de ski<\/span><\/p>\n<p><span style=\"font-size: large;\">&#8211; skis de skating<\/span><\/p>\n<p><span style=\"font-size: large;\">&#8211; skis \u00e9cailles (pr\u00eat\u00e9s par le club)<\/span><\/p>\n<p><span style=\"font-size: large;\">&#8211; skis classiques (pr\u00eat\u00e9s par le club)<\/span><\/p>\n<p><span style=\"font-size: large;\">&#8211; ski-roues classiques (pr\u00eat\u00e9s par le club) + skating pour les plus grands (ou rollers pour les plus jeunes)<\/span><\/p>\n<p><span style=\"font-size: large;\">Ce mat\u00e9riel peut \u00eatre lou\u00e9 ou achet\u00e9 chez nos partenaires\u00a0: <\/span><\/p>\n<p><em><span style=\"font-size: large;\"><b>Culturev\u00e9lo Morteau <\/b>et<b> Sport et Neige Pontarlier.<\/b><\/span><\/em><\/p>\n<p><span style=\"font-size: large;\"><u><b>Organisations sportives et comp\u00e9titions\u00a0:<\/b><\/u><\/span><\/p>\n<p><span style=\"font-size: large;\">Le club organise une course \u00e0 l\u2019automne autour du Mont Musy (course \u00e0 pied).<\/span><\/p>\n<p><span style=\"font-size: large;\">Une autre course est organis\u00e9e l\u2019hiver en ski au Gardot.<\/span><\/p>\n<p><span style=\"font-size: large;\">Le jeune skieur peut participer \u00e0 diff\u00e9rentes comp\u00e9titions tout au long de l\u2019hiver\u00a0: le calendrier est publi\u00e9 sur le site du club.<\/span><\/p>\n<p><strong>Pour les nouveaux adh\u00e9rents<\/strong>, merci de renseigner la fiche de pr\u00e9-inscription suivante \u00e0 rapporter lors des premiers entrainements : <a href=\"https:\/\/www.scvmnordique.fr\/wp-content\/uploads\/2021\/08\/Fiche-de-pre-inscription.pdf\">Fiche de pr\u00e9-inscription<\/a><\/p>\n<h5><strong><span style=\"color: #ff0000;\">Prise de licence<\/span><\/strong>, le formulaire sur le site dans la rubrique formulaires, demande de licence.<\/h5>\n<p><span style=\"font-size: large;\"><u><b>Responsables\u00a0:<\/b><\/u> Pr\u00e9sident du SCVM : Sylvia ANDRE 06 81 36 69 07<\/span><span style=\"font-size: large;\"><\/span><\/p>\n<p>Responsable entra\u00eenements: Elen AMIOTTE<\/p>\n<p><span style=\"font-size: large;\"><u><b>Contacts\u00a0:<\/b><\/u><\/span><\/p>\n<p><span style=\"color: #9c27b0; font-size: large;\">scvm25@gmail.com<\/span><\/p>\n","protected":false},"excerpt":{"rendered":"<p>FONCTIONNEMENT DE L\u2019ECOLE DE SKI SAISON 2025\/2026 Nous accueillons les enfants au club \u00e0 partir de 8 ans (2017 pour cette ann\u00e9e). Entrainements \u00a0\u00a0 &#8211; Tous les mercredis et samedis de 14h \u00e0 16h \u00e0 partir de la cat\u00e9gorie U9 2\u00e8me ann\u00e9e (2017) (1\u00e8re s\u00e9ance: le mercredi 5 novembre, lieu [&hellip;]<\/p>\n","protected":false},"author":4,"featured_media":0,"parent":0,"menu_order":0,"comment_status":"closed","ping_status":"closed","template":"","meta":[],"yoast_head":"<!-- This site is optimized with the Yoast SEO plugin v14.9 - https:\/\/yoast.com\/wordpress\/plugins\/seo\/ -->\n<title>ECOLE DE SKI : FONCTIONNEMENT - SCVM Section Nordique<\/title>\n<meta name=\"robots\" content=\"index, follow, max-snippet:-1, max-image-preview:large, max-video-preview:-1\" \/>\n<link rel=\"canonical\" href=\"https:\/\/www.scvmnordique.fr\/index.php\/ecole-de-ski-fonctionnement\/\" \/>\n<meta property=\"og:locale\" content=\"fr_FR\" \/>\n<meta property=\"og:type\" content=\"article\" \/>\n<meta property=\"og:title\" content=\"ECOLE DE SKI : FONCTIONNEMENT - SCVM Section Nordique\" \/>\n<meta property=\"og:description\" content=\"FONCTIONNEMENT DE L\u2019ECOLE DE SKI SAISON 2025\/2026 Nous accueillons les enfants au club \u00e0 partir de 8 ans (2017 pour cette ann\u00e9e). Entrainements \u00a0\u00a0 &#8211; Tous les mercredis et samedis de 14h \u00e0 16h \u00e0 partir de la cat\u00e9gorie U9 2\u00e8me ann\u00e9e (2017) (1\u00e8re s\u00e9ance: le mercredi 5 novembre, lieu [&hellip;]\" \/>\n<meta property=\"og:url\" content=\"https:\/\/www.scvmnordique.fr\/index.php\/ecole-de-ski-fonctionnement\/\" \/>\n<meta property=\"og:site_name\" content=\"SCVM Section Nordique\" \/>\n<meta property=\"article:publisher\" content=\"https:\/\/www.facebook.com\/SCVM.fond\/\" \/>\n<meta property=\"article:modified_time\" content=\"2025-10-11T07:54:50+00:00\" \/>\n<meta property=\"og:image\" content=\"https:\/\/www.scvmnordique.fr\/wp-content\/uploads\/2018\/12\/cropped-cropped-logo-3-e1546674749122.png\" \/>\n\t<meta property=\"og:image:width\" content=\"73\" \/>\n\t<meta property=\"og:image:height\" content=\"73\" \/>\n<meta name=\"twitter:card\" content=\"summary_large_image\" \/>\n<script type=\"application\/ld+json\" class=\"yoast-schema-graph\">{\"@context\":\"https:\/\/schema.org\",\"@graph\":[{\"@type\":\"Organization\",\"@id\":\"https:\/\/www.scvmnordique.fr\/#organization\",\"name\":\"SCVM Section Nordique\",\"url\":\"https:\/\/www.scvmnordique.fr\/\",\"sameAs\":[\"https:\/\/www.facebook.com\/SCVM.fond\/\",\"https:\/\/www.youtube.com\/channel\/UCZDQH0tnTiVwbK2rCtgo69A\"],\"logo\":{\"@type\":\"ImageObject\",\"@id\":\"https:\/\/www.scvmnordique.fr\/#logo\",\"inLanguage\":\"fr-FR\",\"url\":\"https:\/\/www.scvmnordique.fr\/wp-content\/uploads\/2018\/12\/cropped-cropped-logo-3-e1546674749122.png\",\"width\":73,\"height\":73,\"caption\":\"SCVM Section Nordique\"},\"image\":{\"@id\":\"https:\/\/www.scvmnordique.fr\/#logo\"}},{\"@type\":\"WebSite\",\"@id\":\"https:\/\/www.scvmnordique.fr\/#website\",\"url\":\"https:\/\/www.scvmnordique.fr\/\",\"name\":\"SCVM Section Nordique\",\"description\":\"Ski Club Val de Morteau Section Nordique\",\"publisher\":{\"@id\":\"https:\/\/www.scvmnordique.fr\/#organization\"},\"potentialAction\":[{\"@type\":\"SearchAction\",\"target\":\"https:\/\/www.scvmnordique.fr\/?s={search_term_string}\",\"query-input\":\"required name=search_term_string\"}],\"inLanguage\":\"fr-FR\"},{\"@type\":\"WebPage\",\"@id\":\"https:\/\/www.scvmnordique.fr\/index.php\/ecole-de-ski-fonctionnement\/#webpage\",\"url\":\"https:\/\/www.scvmnordique.fr\/index.php\/ecole-de-ski-fonctionnement\/\",\"name\":\"ECOLE DE SKI : FONCTIONNEMENT - SCVM Section Nordique\",\"isPartOf\":{\"@id\":\"https:\/\/www.scvmnordique.fr\/#website\"},\"datePublished\":\"2021-08-13T10:18:52+00:00\",\"dateModified\":\"2025-10-11T07:54:50+00:00\",\"inLanguage\":\"fr-FR\",\"potentialAction\":[{\"@type\":\"ReadAction\",\"target\":[\"https:\/\/www.scvmnordique.fr\/index.php\/ecole-de-ski-fonctionnement\/\"]}]}]}<\/script>\n<!-- \/ Yoast SEO plugin. -->","_links":{"self":[{"href":"https:\/\/www.scvmnordique.fr\/index.php\/wp-json\/wp\/v2\/pages\/5047"}],"collection":[{"href":"https:\/\/www.scvmnordique.fr\/index.php\/wp-json\/wp\/v2\/pages"}],"about":[{"href":"https:\/\/www.scvmnordique.fr\/index.php\/wp-json\/wp\/v2\/types\/page"}],"author":[{"embeddable":true,"href":"https:\/\/www.scvmnordique.fr\/index.php\/wp-json\/wp\/v2\/users\/4"}],"replies":[{"embeddable":true,"href":"https:\/\/www.scvmnordique.fr\/index.php\/wp-json\/wp\/v2\/comments?post=5047"}],"version-history":[{"count":23,"href":"https:\/\/www.scvmnordique.fr\/index.php\/wp-json\/wp\/v2\/pages\/5047\/revisions"}],"predecessor-version":[{"id":7648,"href":"https:\/\/www.scvmnordique.fr\/index.php\/wp-json\/wp\/v2\/pages\/5047\/revisions\/7648"}],"wp:attachment":[{"href":"https:\/\/www.scvmnordique.fr\/index.php\/wp-json\/wp\/v2\/media?parent=5047"}],"curies":[{"name":"wp","href":"https:\/\/api.w.org\/{rel}","templated":true}]}}